{"id":192,"date":"2021-02-05T16:11:12","date_gmt":"2021-02-05T15:11:12","guid":{"rendered":"https:\/\/gmflexpaket.se\/demo-2-info\/?page_id=192"},"modified":"2025-11-25T12:47:18","modified_gmt":"2025-11-25T11:47:18","slug":"beskrivning","status":"publish","type":"page","link":"https:\/\/old.demo.gmflexpaket.se\/demo-2-info\/beskrivning\/","title":{"rendered":"Beskrivning"},"content":{"rendered":"<p>V\u00e5ra mallade hemsidor inneh\u00e5ller de vanligaste funktionaliteter som ofta efterfr\u00e5gas p\u00e5 en hemsida. Du har bland mycket annat m\u00f6jlighet till film p\u00e5 startsidan, snygga hovereffekter, image-block, integrerat instagramfl\u00f6de, hamburgermeny, nyhetssida mm.<\/p>\n<h2>Responsiv med enkel administration<\/h2>\n<p>Hemsidan \u00e4r byggd i WordPress i ett tema som \u00e4gs till 100% av Gota Media, vilket ger en trygghet f\u00f6r dig som kund att temat kontinuerligt uppdateras f\u00f6r att fungera med WordPress l\u00f6pande uppdateringar. Designen \u00e4r responsiv vilket inneb\u00e4r att inneh\u00e5llet anpassar sig och ser bra ut p\u00e5 alla typer av enheter och sk\u00e4rmstorlekar. Vi ger ocks\u00e5 hemsidan enklast m\u00f6jliga administration f\u00f6r den eller de personer inom ert f\u00f6retag som ska administrera sidan.\u00a0Utbildning i admin ing\u00e5r sj\u00e4lvklart.<\/p>\n<h2>Texter och fotografering<\/h2>\n<p>Vi utg\u00e5r fr\u00e5n befintliga texter, skriver om, skriver till och optimerar texterna s\u00e5 att de fungerar kommunikativt och anpassat f\u00f6r webben. Vi tar lokala personliga bilder p\u00e5 utvald plats fr\u00e5n din verksamhet. Det h\u00e4r skapar igenk\u00e4nning till ditt f\u00f6retag och ger din hemsida en unik och \u00e4kta k\u00e4nsla. Ett fototillf\u00e4lle och resa till en plats i regionen ing\u00e5r. Redigering och leverans av upp till 20 bilder.<\/p>\n<h2>S\u00e4ker hemsida<\/h2>\n<p>Vi installerar ett SSL-certifikat p\u00e5 hemsidan i samband med att den lanseras. SSL-certifikatet g\u00f6r att trafiken mellan bes\u00f6kare och webbservern krypteras. Det f\u00f6rsv\u00e5rar m\u00f6jligheten att avlyssna uppgifter som person- och kontouppgifter. Sidor med SSL rankas h\u00f6gre bland s\u00f6kresultaten p\u00e5 Google.<\/p>\n<h2>Snabb laddningstid<\/h2>\n<p>Vi kontrollerar hemsidans laddningstid f\u00f6r mobila och station\u00e4ra plattformar via verktyget Google Page Speed Insights.<\/p>\n<h2>SEO-f\u00f6rberedd*<\/h2>\n<p>Hemsidan byggs p\u00e5 ett SEO-v\u00e4nligt s\u00e4tt som f\u00f6ljer Googles riktlinjer och rekommendationer g\u00e4llande struktur. Ett SEO-plugin installeras och plockar upp rekommenderade meta- och beskrivningstexter. Det h\u00e4r tillsammans ger din hemsida r\u00e4tt f\u00f6ruts\u00e4ttningar f\u00f6r att bli hittad p\u00e5 Google. Vi rekommenderar sedan SEO start i samband med lansering av hemsidan.<\/p>\n<p><strong>&#8230; *ELLER<\/strong><\/p>\n<h2>SEO &#8211; lanseringspaket<\/h2>\n<p>Hemsidan byggs p\u00e5 ett SEO-v\u00e4nligt s\u00e4tt med SEO-anpassad struktur som \u00e4r anpassad efter dagens s\u00f6kbeteende. Har du en befintlig sajt s\u00e5 ansvarar vi att samtliga sidor 301-omdirigeras om behovet uppst\u00e5r. En konkurrentanalys utf\u00f6rs f\u00f6r att vi ska se vilka andra webbsidor som Google j\u00e4mf\u00f6r din sida med. Relevanta titlar och beskrivningstexter implementeras p\u00e5 de sidor som anses vara n\u00f6dv\u00e4ndiga. SEO-anpassade rubriker och texter (Vi kommer med rekommendationer). Analys av l\u00e4nkprofil (Vi kommer med rekommendationer kring l\u00e4nkprofilen). Genomg\u00e5ng av vad som gjorts och rekommendationer f\u00f6r framtiden.<\/p>\n<h2>Detta ing\u00e5r:<\/h2>\n<ul>\n<li>M\u00f6jlighet till film i headern p\u00e5 startsidan.<\/li>\n<li>Kund- eller samarbetspartnerspresentation p\u00e5 startsidan med logotyper.<\/li>\n<li>Valfri dekorf\u00e4rg och valfritt typsnitt utifr\u00e5n er grafiska profil. F\u00f6ruts\u00e4tter att typsnittet st\u00f6ds av Google.<\/li>\n<li>Nyhetsfl\u00f6de eller bloggsida.<\/li>\n<li>Formul\u00e4r standard upp till 6 f\u00e4lt.<\/li>\n<li>Instagram- eller facebookfl\u00f6de.<\/li>\n<li>Block f\u00f6r kontaktpersoner med namn, titel, telefonnummer och mejladress.<\/li>\n<li>Block f\u00f6r Google maps-karta.<\/li>\n<li>Nedf\u00e4llbar meny i en niv\u00e5 vid undermenyer.<\/li>\n<li>Sociala Medier-ikoner i sidfoten.<\/li>\n<li>Googlemaps-l\u00e4nk vid adress i sidfoten.<\/li>\n<li>SEO-f\u00f6rberedd eller SEO lanseringspaket.<\/li>\n<li>P\u00e5koppling av Google Analytics med standardinst\u00e4llningar.<\/li>\n<li>SSL-certifikat<\/li>\n<li>Text och bilder p\u00e5 startsidan och upp till fem undersidor.<\/li>\n<li>Utbildning i hur hemsidan ska administreras.<\/li>\n<\/ul>\n<h2>Pris f\u00f6r mallad hemsida<\/h2>\n<p>Hemsida Bas: 34.300 kr (19.900 kr ex content)<br \/>\nHemsida SEO: 64.295 kr (49.895 kr ex content)<\/p>\n<p>+ avgift f\u00f6r webbhotell inklusive support- och uppgraderingsavtal*: 6.400 kr\/\u00e5r<\/p>\n<p>Materialarbete ut\u00f6ver startsida och fem undersidor samt materialarbete efter lansering av hemsidan: L\u00f6pande timdebitering 1.200 kr\/tim<\/p>\n<h2>M\u00f6jliga tillval<\/h2>\n<p style=\"text-align: left;\">Vid k\u00f6p av mallad hemsida, kan man v\u00e4lja att k\u00f6pa till dessa tillval:<\/p>\n<ul>\n<li style=\"text-align: left;\">Produktvisningsfunktion: 10.000 kr<\/li>\n<li style=\"text-align: left;\">Spr\u00e5kfunktion: 4.000 kr \/ exkl pris f\u00f6r spr\u00e5k\u00f6vers\u00e4ttningen och tid f\u00f6r materialinmatning.<\/li>\n<li>Nyhetsbrevsfunktion: 4.000 kr + 1 200 kr\/\u00e5r<\/li>\n<li>S\u00f6kfunktion: 2.500 kr<\/li>\n<li>301-redirect (<span style=\"font-weight: 400;\">Omstyrning av gamla adresser f\u00f6r att inte tappa ev nuvarande placeringar p\u00e5 Google)<\/span>: fr\u00e5n 3.500 kr<\/li>\n<li>E-handel till mallad hemsida, en webbshopsl\u00f6sning anpassad f\u00f6r mallad hemsida. L\u00e4s mer om det<strong><a href=\"https:\/\/gmflexehandel.wpengine.com\/flexhandel-info\/\"> h\u00e4r<\/a>. <\/strong>25 000 kr<\/li>\n<\/ul>\n<p><strong><span style=\"color: #00ab7a;\"><em>\u00d6nskas andra funktioner eller till\u00e4gg? Se vad som g\u00e4ller nedan under rubriken &#8221;Utvecklingsbar&#8221;<\/em><\/span><\/strong><\/p>\n<h2>Webbhotell med support- och uppgraderingsavtal<\/h2>\n<p>* Din hemsida hostas p\u00e5 en molnbaserad och drifts\u00e4ker l\u00f6sning som garanterar h\u00f6gklassig s\u00e4kerhet, snabba laddningstider och s\u00e4kerhetskopiering dagligen.<\/p>\n<p>Med uppgraderingsavtal uppdaterar vi hemsidan till den senaste programvaran f\u00f6r WordPress varje m\u00e5nad inklusive senaste uppdateringen av installerade plugin. Detta f\u00f6rl\u00e4nger hemsidans livsl\u00e4ngd, minskar risken f\u00f6r funktionsproblem, h\u00f6jer s\u00e4kerheten p\u00e5 hemsidan samt minskar risken f\u00f6r intr\u00e5ng.<\/p>\n<p>Supporten omfattar \u00e5terst\u00e4llning av hemsida fr\u00e5n backup och hj\u00e4lp med handhavandet av WordPress. Supporten g\u00e4ller m\u00e5n-fre 9-16 (dag f\u00f6re r\u00f6d dag fram till kl 12). F\u00f6r \u00f6vrig support debiteras 1 200 kr\/tim.<\/p>\n<p><a href=\"https:\/\/gmflexdemoold.wpenginepowered.com\/demo-2-info\/vad-ingar-inte\/\">Vad ing\u00e5r inte i en mallad hemsida? Se exempel p\u00e5 den h\u00e4r sidan.<\/a><\/p>\n","protected":false},"excerpt":{"rendered":"<p>V\u00e5ra mallade hemsidor inneh\u00e5ller de vanligaste funktionaliteter som ofta efterfr\u00e5gas p\u00e5 en hemsida. Du har bland mycket annat m\u00f6jlighet till film p\u00e5 startsidan, snygga hovereffekter, image-block, integrerat instagramfl\u00f6de, hamburgermeny, nyhetssida mm. Responsiv med enkel administration Hemsidan \u00e4r byggd i WordPress i ett tema som \u00e4gs till 100% av Gota Media, vilket ger en trygghet f\u00f6r [&hellip;]<\/p>\n","protected":false},"author":1,"featured_media":339,"parent":0,"menu_order":0,"comment_status":"closed","ping_status":"closed","template":"","meta":{"_acf_changed":false,"footnotes":""},"class_list":["post-192","page","type-page","status-publish","has-post-thumbnail","hentry"],"acf":[],"_links":{"self":[{"href":"https:\/\/old.demo.gmflexpaket.se\/demo-2-info\/wp-json\/wp\/v2\/pages\/192","targetHints":{"allow":["GET"]}}],"collection":[{"href":"https:\/\/old.demo.gmflexpaket.se\/demo-2-info\/wp-json\/wp\/v2\/pages"}],"about":[{"href":"https:\/\/old.demo.gmflexpaket.se\/demo-2-info\/wp-json\/wp\/v2\/types\/page"}],"author":[{"embeddable":true,"href":"https:\/\/old.demo.gmflexpaket.se\/demo-2-info\/wp-json\/wp\/v2\/users\/1"}],"replies":[{"embeddable":true,"href":"https:\/\/old.demo.gmflexpaket.se\/demo-2-info\/wp-json\/wp\/v2\/comments?post=192"}],"version-history":[{"count":0,"href":"https:\/\/old.demo.gmflexpaket.se\/demo-2-info\/wp-json\/wp\/v2\/pages\/192\/revisions"}],"wp:featuredmedia":[{"embeddable":true,"href":"https:\/\/old.demo.gmflexpaket.se\/demo-2-info\/wp-json\/wp\/v2\/media\/339"}],"wp:attachment":[{"href":"https:\/\/old.demo.gmflexpaket.se\/demo-2-info\/wp-json\/wp\/v2\/media?parent=192"}],"curies":[{"name":"wp","href":"https:\/\/api.w.org\/{rel}","templated":true}]}}