{"id":491,"date":"2021-03-10T14:51:27","date_gmt":"2021-03-10T13:51:27","guid":{"rendered":"https:\/\/gmflexpaket.se\/demo-2-info\/?page_id=491"},"modified":"2024-10-21T08:29:12","modified_gmt":"2024-10-21T06:29:12","slug":"vad-ingar-inte","status":"publish","type":"page","link":"https:\/\/old.demo.gmflexpaket.se\/demo-2-info\/vad-ingar-inte\/","title":{"rendered":"Vad ing\u00e5r inte?"},"content":{"rendered":"<h2>Vad ing\u00e5r inte som standard i en mallad hemsida?<\/h2>\n<p>Det h\u00e4r kan vi givetvis inte svara p\u00e5 till fullo. D\u00e4remot kan vi lista n\u00e5gra saker som \u00e4r vanliga fr\u00e5gor om funktioner som kan uppst\u00e5 vid ett hemsidesprojekt. H\u00e4r f\u00f6ljer exempel p\u00e5 saker som\u00a0<strong>inte<\/strong>\u00a0ing\u00e5r:<\/p>\n<ul>\n<li>Valfri design. Designen \u00e4r l\u00e5st och inga extra block eller varianter kan l\u00e4ggas till.<\/li>\n<li>I Hemsida Bas ing\u00e5r inte SEO-optimering. Sidan \u00e4r SEO-f\u00f6rberedd med r\u00e4tt struktur samt plugin:et Yoast SEO, men ingen optimering g\u00f6rs i \u00f6vrigt.<\/li>\n<li>\u00d6vriga animeringar eller hover-effekter.<\/li>\n<li>M\u00f6jlighet till film i headern p\u00e5 singelsidor.<\/li>\n<li>M\u00f6jlighet till andra block \u00e4n dem som finns utformade.<\/li>\n<li>S\u00f6kfunktion.<\/li>\n<li>M\u00f6jlighet till s\u00e5 kallad Megameny.<\/li>\n<li>Inloggningsfunktion.<\/li>\n<li>Kalenderintegrering.<\/li>\n<li>Produktvisningsfunktion.<\/li>\n<li>E-handelsintegration.<\/li>\n<li>Integrering med andra system.<\/li>\n<li>301-redirect.<\/li>\n<\/ul>\n<p>Tillbaka till <a href=\"https:\/\/gmflexdemoold.wpenginepowered.com\/demo-2-info\/beskrivning\/\">Beskrivning<\/a><\/p>\n","protected":false},"excerpt":{"rendered":"<p>Vad ing\u00e5r inte som standard i en mallad hemsida? Det h\u00e4r kan vi givetvis inte svara p\u00e5 till fullo. D\u00e4remot kan vi lista n\u00e5gra saker som \u00e4r vanliga fr\u00e5gor om funktioner som kan uppst\u00e5 vid ett hemsidesprojekt. H\u00e4r f\u00f6ljer exempel p\u00e5 saker som\u00a0inte\u00a0ing\u00e5r: Valfri design. Designen \u00e4r l\u00e5st och inga extra block eller varianter kan [&hellip;]<\/p>\n","protected":false},"author":1,"featured_media":337,"parent":0,"menu_order":0,"comment_status":"closed","ping_status":"closed","template":"","meta":{"_acf_changed":false,"footnotes":""},"class_list":["post-491","page","type-page","status-publish","has-post-thumbnail","hentry"],"acf":[],"_links":{"self":[{"href":"https:\/\/old.demo.gmflexpaket.se\/demo-2-info\/wp-json\/wp\/v2\/pages\/491","targetHints":{"allow":["GET"]}}],"collection":[{"href":"https:\/\/old.demo.gmflexpaket.se\/demo-2-info\/wp-json\/wp\/v2\/pages"}],"about":[{"href":"https:\/\/old.demo.gmflexpaket.se\/demo-2-info\/wp-json\/wp\/v2\/types\/page"}],"author":[{"embeddable":true,"href":"https:\/\/old.demo.gmflexpaket.se\/demo-2-info\/wp-json\/wp\/v2\/users\/1"}],"replies":[{"embeddable":true,"href":"https:\/\/old.demo.gmflexpaket.se\/demo-2-info\/wp-json\/wp\/v2\/comments?post=491"}],"version-history":[{"count":0,"href":"https:\/\/old.demo.gmflexpaket.se\/demo-2-info\/wp-json\/wp\/v2\/pages\/491\/revisions"}],"wp:featuredmedia":[{"embeddable":true,"href":"https:\/\/old.demo.gmflexpaket.se\/demo-2-info\/wp-json\/wp\/v2\/media\/337"}],"wp:attachment":[{"href":"https:\/\/old.demo.gmflexpaket.se\/demo-2-info\/wp-json\/wp\/v2\/media?parent=491"}],"curies":[{"name":"wp","href":"https:\/\/api.w.org\/{rel}","templated":true}]}}