{"id":295,"date":"2022-08-16T08:49:13","date_gmt":"2022-08-16T08:49:13","guid":{"rendered":"https:\/\/gmflexehandel.wpengine.com\/flexhandel-demo-2\/?page_id=295"},"modified":"2022-08-16T08:49:13","modified_gmt":"2022-08-16T08:49:13","slug":"om-oss","status":"publish","type":"page","link":"https:\/\/old.demo.gmflexpaket.se\/flexhandel-demo-2\/om-oss\/","title":{"rendered":"Om oss"},"content":{"rendered":"<div>GOTA E-HANDEL introducerade konceptet &#8221;allt-under-ett-tak&#8221; i 1960, d\u00e5 det f\u00f6rsta byggvaruhuset \u00f6ppnade i Mannheim i Tyskland. Innan dess var s\u00e5v\u00e4l g\u00f6r-det-sj\u00e4lvare och professionella hantverkare tvungna att leta i flera olika fackbutiker efter ordentliga verktyg och bra material till hus och tr\u00e4dg\u00e5rd. Nu kunde de hitta allt fr\u00e5n borrmaskiner till v\u00e4xter och dessutom b\u00e5de VVS och f\u00e4rg under samma tak. GOTA E-HANDEL-konceptet var allts\u00e5 helt unikt.<\/div>\n<div><\/div>\n","protected":false},"excerpt":{"rendered":"<p>GOTA E-HANDEL introducerade konceptet &#8221;allt-under-ett-tak&#8221; i 1960, d\u00e5 det f\u00f6rsta byggvaruhuset \u00f6ppnade i Mannheim i Tyskland. Innan dess var s\u00e5v\u00e4l g\u00f6r-det-sj\u00e4lvare och professionella hantverkare tvungna att leta i flera olika fackbutiker efter ordentliga verktyg och bra material till hus och tr\u00e4dg\u00e5rd. Nu kunde de hitta allt fr\u00e5n borrmaskiner till v\u00e4xter och dessutom b\u00e5de VVS och [&hellip;]<\/p>\n","protected":false},"author":1,"featured_media":268,"parent":0,"menu_order":0,"comment_status":"closed","ping_status":"closed","template":"","meta":{"_acf_changed":false,"footnotes":""},"class_list":["post-295","page","type-page","status-publish","has-post-thumbnail","hentry"],"acf":[],"_links":{"self":[{"href":"https:\/\/old.demo.gmflexpaket.se\/flexhandel-demo-2\/wp-json\/wp\/v2\/pages\/295","targetHints":{"allow":["GET"]}}],"collection":[{"href":"https:\/\/old.demo.gmflexpaket.se\/flexhandel-demo-2\/wp-json\/wp\/v2\/pages"}],"about":[{"href":"https:\/\/old.demo.gmflexpaket.se\/flexhandel-demo-2\/wp-json\/wp\/v2\/types\/page"}],"author":[{"embeddable":true,"href":"https:\/\/old.demo.gmflexpaket.se\/flexhandel-demo-2\/wp-json\/wp\/v2\/users\/1"}],"replies":[{"embeddable":true,"href":"https:\/\/old.demo.gmflexpaket.se\/flexhandel-demo-2\/wp-json\/wp\/v2\/comments?post=295"}],"version-history":[{"count":0,"href":"https:\/\/old.demo.gmflexpaket.se\/flexhandel-demo-2\/wp-json\/wp\/v2\/pages\/295\/revisions"}],"wp:featuredmedia":[{"embeddable":true,"href":"https:\/\/old.demo.gmflexpaket.se\/flexhandel-demo-2\/wp-json\/wp\/v2\/media\/268"}],"wp:attachment":[{"href":"https:\/\/old.demo.gmflexpaket.se\/flexhandel-demo-2\/wp-json\/wp\/v2\/media?parent=295"}],"curies":[{"name":"wp","href":"https:\/\/api.w.org\/{rel}","templated":true}]}}