{"id":330,"date":"2022-07-29T11:28:22","date_gmt":"2022-07-29T09:28:22","guid":{"rendered":"https:\/\/gmflexpaket.se\/flexhandel-demo-2\/produkt\/hoodie-with-pocket\/"},"modified":"2022-10-17T11:09:45","modified_gmt":"2022-10-17T09:09:45","slug":"hoodie-with-pocket","status":"publish","type":"product","link":"https:\/\/old.demo.gmflexpaket.se\/flexhandel-demo-2\/produkt\/hoodie-with-pocket\/","title":{"rendered":"Hoodie"},"content":{"rendered":"","protected":false},"excerpt":{"rendered":"<div>Sk\u00f6n tr\u00f6ja f\u00f6r arbetsdagen. Mjuk och behaglig med borstad insida samt dragkedja. Tr\u00f6jan \u00e4r f\u00f6rsedd med mudd i nederkant och \u00e4rmslut. L\u00e5ngtr\u00f6jan \u00e4r i kroppsn\u00e4ra passform och har huva och krage som v\u00e4rmer nacke, huvud, hals och haka.<\/div>\n<div><\/div>\n<div><strong>Teknisk information<\/strong><br \/>\nMaterial: 65% bomull, 35% polyester<br \/>\nF\u00e4rg: Gr\u00e5<br \/>\nStorlek: M-XXXL<br \/>\nGramvikt: 300 g\/m\u00b2<\/div>\n","protected":false},"featured_media":331,"comment_status":"open","ping_status":"open","template":"","meta":{"_acf_changed":false},"product_brand":[],"product_cat":[29,24],"product_tag":[],"class_list":{"0":"post-330","1":"product","2":"type-product","3":"status-publish","4":"has-post-thumbnail","6":"product_cat-fritid","7":"product_cat-tradgard","8":"pa_color-gray","10":"first","11":"instock","12":"sale","13":"featured","14":"shipping-taxable","15":"purchasable","16":"product-type-simple"},"acf":[],"_links":{"self":[{"href":"https:\/\/old.demo.gmflexpaket.se\/flexhandel-demo-2\/wp-json\/wp\/v2\/product\/330","targetHints":{"allow":["GET"]}}],"collection":[{"href":"https:\/\/old.demo.gmflexpaket.se\/flexhandel-demo-2\/wp-json\/wp\/v2\/product"}],"about":[{"href":"https:\/\/old.demo.gmflexpaket.se\/flexhandel-demo-2\/wp-json\/wp\/v2\/types\/product"}],"replies":[{"embeddable":true,"href":"https:\/\/old.demo.gmflexpaket.se\/flexhandel-demo-2\/wp-json\/wp\/v2\/comments?post=330"}],"wp:featuredmedia":[{"embeddable":true,"href":"https:\/\/old.demo.gmflexpaket.se\/flexhandel-demo-2\/wp-json\/wp\/v2\/media\/331"}],"wp:attachment":[{"href":"https:\/\/old.demo.gmflexpaket.se\/flexhandel-demo-2\/wp-json\/wp\/v2\/media?parent=330"}],"wp:term":[{"taxonomy":"product_brand","embeddable":true,"href":"https:\/\/old.demo.gmflexpaket.se\/flexhandel-demo-2\/wp-json\/wp\/v2\/product_brand?post=330"},{"taxonomy":"product_cat","embeddable":true,"href":"https:\/\/old.demo.gmflexpaket.se\/flexhandel-demo-2\/wp-json\/wp\/v2\/product_cat?post=330"},{"taxonomy":"product_tag","embeddable":true,"href":"https:\/\/old.demo.gmflexpaket.se\/flexhandel-demo-2\/wp-json\/wp\/v2\/product_tag?post=330"}],"curies":[{"name":"wp","href":"https:\/\/api.w.org\/{rel}","templated":true}]}}