{"id":332,"date":"2022-07-29T11:28:22","date_gmt":"2022-07-29T09:28:22","guid":{"rendered":"https:\/\/gmflexpaket.se\/flexhandel-demo-2\/produkt\/mattband-bultafors-3m\/"},"modified":"2022-10-17T11:09:46","modified_gmt":"2022-10-17T09:09:46","slug":"mattband-bultafors-3m","status":"publish","type":"product","link":"https:\/\/old.demo.gmflexpaket.se\/flexhandel-demo-2\/produkt\/mattband-bultafors-3m\/","title":{"rendered":"M\u00e5ttband Bultafors 3M"},"content":{"rendered":"","protected":false},"excerpt":{"rendered":"<p>M\u00e5ttband med metriskt system som har ett band av Tylon\u2122-bel\u00e4ggning, vilket ger graderingen \u00f6kad h\u00e5llbarhet och slitstyrka f\u00f6r b\u00e4ttre l\u00e4sbarhet och \u00f6kad livsl\u00e4ngd.<\/p>\n","protected":false},"featured_media":333,"comment_status":"open","ping_status":"open","template":"","meta":{"_acf_changed":false},"product_brand":[],"product_cat":[29,27],"product_tag":[],"class_list":{"0":"post-332","1":"product","2":"type-product","3":"status-publish","4":"has-post-thumbnail","6":"product_cat-fritid","7":"product_cat-verktyg-bygg","9":"first","10":"instock","11":"featured","12":"shipping-taxable","13":"purchasable","14":"product-type-simple"},"acf":[],"_links":{"self":[{"href":"https:\/\/old.demo.gmflexpaket.se\/flexhandel-demo-2\/wp-json\/wp\/v2\/product\/332","targetHints":{"allow":["GET"]}}],"collection":[{"href":"https:\/\/old.demo.gmflexpaket.se\/flexhandel-demo-2\/wp-json\/wp\/v2\/product"}],"about":[{"href":"https:\/\/old.demo.gmflexpaket.se\/flexhandel-demo-2\/wp-json\/wp\/v2\/types\/product"}],"replies":[{"embeddable":true,"href":"https:\/\/old.demo.gmflexpaket.se\/flexhandel-demo-2\/wp-json\/wp\/v2\/comments?post=332"}],"wp:featuredmedia":[{"embeddable":true,"href":"https:\/\/old.demo.gmflexpaket.se\/flexhandel-demo-2\/wp-json\/wp\/v2\/media\/333"}],"wp:attachment":[{"href":"https:\/\/old.demo.gmflexpaket.se\/flexhandel-demo-2\/wp-json\/wp\/v2\/media?parent=332"}],"wp:term":[{"taxonomy":"product_brand","embeddable":true,"href":"https:\/\/old.demo.gmflexpaket.se\/flexhandel-demo-2\/wp-json\/wp\/v2\/product_brand?post=332"},{"taxonomy":"product_cat","embeddable":true,"href":"https:\/\/old.demo.gmflexpaket.se\/flexhandel-demo-2\/wp-json\/wp\/v2\/product_cat?post=332"},{"taxonomy":"product_tag","embeddable":true,"href":"https:\/\/old.demo.gmflexpaket.se\/flexhandel-demo-2\/wp-json\/wp\/v2\/product_tag?post=332"}],"curies":[{"name":"wp","href":"https:\/\/api.w.org\/{rel}","templated":true}]}}