{"id":321,"date":"2022-10-17T06:24:59","date_gmt":"2022-10-17T06:24:59","guid":{"rendered":"https:\/\/gmflexehandel.wpengine.com\/flexhandel-demo-3\/?page_id=318"},"modified":"2022-10-17T06:24:59","modified_gmt":"2022-10-17T06:24:59","slug":"senaste-trenderna","status":"publish","type":"page","link":"https:\/\/old.demo.gmflexpaket.se\/flexhandel-demo-3\/senaste-trenderna\/","title":{"rendered":"Senaste trenderna"},"content":{"rendered":"<h3>H\u00e5llbart<\/h3>\n<p>Satsa p\u00e5 tre till fyra basplagg av riktigt bra kvalitet. Det finns m\u00e4ngder av m\u00f6jligheter att variera outfits med detaljer som accessoarer, skor och varf\u00f6r inte frisyrer?<\/p>\n<h3>Mix av material<\/h3>\n<p>Dina basplagg \u00e4r med f\u00f6rdel i lite tyngre kvalitet. Variera sedan resten av outfiten med andra l\u00e4ttare material och smycken i blanka och matta ytor.<\/p>\n<h3>Djup f\u00e4rgskala som grund<\/h3>\n<p>Ska man s\u00e4ga n\u00e5got om h\u00f6stens trender s\u00e5 \u00e4r det f\u00e4rgskalan. Det m\u00f6rka bruna, varma gr\u00e5 och svart som en bas att st\u00e5 p\u00e5 l\u00e4ttas sedan upp med ljusa lekfulla f\u00e4rger p\u00e5 accessoarer, skor och v\u00e4skor.<\/p>\n","protected":false},"excerpt":{"rendered":"<p>H\u00e5llbart Satsa p\u00e5 tre till fyra basplagg av riktigt bra kvalitet. Det finns m\u00e4ngder av m\u00f6jligheter att variera outfits med detaljer som accessoarer, skor och varf\u00f6r inte frisyrer? Mix av material Dina basplagg \u00e4r med f\u00f6rdel i lite tyngre kvalitet. Variera sedan resten av outfiten med andra l\u00e4ttare material och smycken i blanka och matta [&hellip;]<\/p>\n","protected":false},"author":1,"featured_media":63,"parent":0,"menu_order":0,"comment_status":"closed","ping_status":"closed","template":"","meta":{"_acf_changed":false,"footnotes":""},"class_list":["post-321","page","type-page","status-publish","has-post-thumbnail","hentry"],"acf":[],"_links":{"self":[{"href":"https:\/\/old.demo.gmflexpaket.se\/flexhandel-demo-3\/wp-json\/wp\/v2\/pages\/321","targetHints":{"allow":["GET"]}}],"collection":[{"href":"https:\/\/old.demo.gmflexpaket.se\/flexhandel-demo-3\/wp-json\/wp\/v2\/pages"}],"about":[{"href":"https:\/\/old.demo.gmflexpaket.se\/flexhandel-demo-3\/wp-json\/wp\/v2\/types\/page"}],"author":[{"embeddable":true,"href":"https:\/\/old.demo.gmflexpaket.se\/flexhandel-demo-3\/wp-json\/wp\/v2\/users\/1"}],"replies":[{"embeddable":true,"href":"https:\/\/old.demo.gmflexpaket.se\/flexhandel-demo-3\/wp-json\/wp\/v2\/comments?post=321"}],"version-history":[{"count":0,"href":"https:\/\/old.demo.gmflexpaket.se\/flexhandel-demo-3\/wp-json\/wp\/v2\/pages\/321\/revisions"}],"wp:featuredmedia":[{"embeddable":true,"href":"https:\/\/old.demo.gmflexpaket.se\/flexhandel-demo-3\/wp-json\/wp\/v2\/media\/63"}],"wp:attachment":[{"href":"https:\/\/old.demo.gmflexpaket.se\/flexhandel-demo-3\/wp-json\/wp\/v2\/media?parent=321"}],"curies":[{"name":"wp","href":"https:\/\/api.w.org\/{rel}","templated":true}]}}