{"id":21,"date":"2022-07-25T06:02:37","date_gmt":"2022-07-25T06:02:37","guid":{"rendered":"https:\/\/gmflexehandel.wpengine.com\/flexhandel-demo-3\/?post_type=product&#038;p=21"},"modified":"2022-11-01T10:36:29","modified_gmt":"2022-11-01T09:36:29","slug":"polo","status":"publish","type":"product","link":"https:\/\/old.demo.gmflexpaket.se\/flexhandel-demo-3\/produkt\/polo\/","title":{"rendered":"Pik\u00e9"},"content":{"rendered":"","protected":false},"excerpt":{"rendered":"<p>Kort\u00e4rmad pik\u00e9tr\u00f6ja i 100% merinoull. Tunnstickade pik\u00e9tr\u00f6jor f\u00e5r du mycket stor anv\u00e4ndning av i m\u00e5nga sammanhang. Denna herrtr\u00f6ja \u00e4r stickad i mjuk merinoull med ribbade kanter och har en utm\u00e4rkt passform.<\/p>\n","protected":false},"featured_media":344,"comment_status":"open","ping_status":"closed","template":"","meta":{"_acf_changed":false},"product_brand":[],"product_cat":[32],"product_tag":[],"class_list":{"0":"post-21","1":"product","2":"type-product","3":"status-publish","4":"has-post-thumbnail","6":"product_cat-tshirts","7":"varumarke-zara","9":"first","10":"instock","11":"shipping-taxable","12":"purchasable","13":"product-type-simple"},"acf":[],"_links":{"self":[{"href":"https:\/\/old.demo.gmflexpaket.se\/flexhandel-demo-3\/wp-json\/wp\/v2\/product\/21","targetHints":{"allow":["GET"]}}],"collection":[{"href":"https:\/\/old.demo.gmflexpaket.se\/flexhandel-demo-3\/wp-json\/wp\/v2\/product"}],"about":[{"href":"https:\/\/old.demo.gmflexpaket.se\/flexhandel-demo-3\/wp-json\/wp\/v2\/types\/product"}],"replies":[{"embeddable":true,"href":"https:\/\/old.demo.gmflexpaket.se\/flexhandel-demo-3\/wp-json\/wp\/v2\/comments?post=21"}],"wp:featuredmedia":[{"embeddable":true,"href":"https:\/\/old.demo.gmflexpaket.se\/flexhandel-demo-3\/wp-json\/wp\/v2\/media\/344"}],"wp:attachment":[{"href":"https:\/\/old.demo.gmflexpaket.se\/flexhandel-demo-3\/wp-json\/wp\/v2\/media?parent=21"}],"wp:term":[{"taxonomy":"product_brand","embeddable":true,"href":"https:\/\/old.demo.gmflexpaket.se\/flexhandel-demo-3\/wp-json\/wp\/v2\/product_brand?post=21"},{"taxonomy":"product_cat","embeddable":true,"href":"https:\/\/old.demo.gmflexpaket.se\/flexhandel-demo-3\/wp-json\/wp\/v2\/product_cat?post=21"},{"taxonomy":"product_tag","embeddable":true,"href":"https:\/\/old.demo.gmflexpaket.se\/flexhandel-demo-3\/wp-json\/wp\/v2\/product_tag?post=21"}],"curies":[{"name":"wp","href":"https:\/\/api.w.org\/{rel}","templated":true}]}}