{"id":22,"date":"2022-07-25T06:02:37","date_gmt":"2022-07-25T06:02:37","guid":{"rendered":"https:\/\/gmflexehandel.wpengine.com\/flexhandel-demo-3\/?post_type=product&#038;p=22"},"modified":"2022-10-18T16:48:42","modified_gmt":"2022-10-18T14:48:42","slug":"album","status":"publish","type":"product","link":"https:\/\/old.demo.gmflexpaket.se\/flexhandel-demo-3\/produkt\/album\/","title":{"rendered":"Album Woo"},"content":{"rendered":"","protected":false},"excerpt":{"rendered":"<p>Sounds of the 80s &#8211; Woo<\/p>\n<p>80-talsnostalgi till max!<br \/>\nTrippel-CD med 62 l\u00e5tar som skapar en sk\u00f6n 80-talsk\u00e4nsla.<\/p>\n","protected":false},"featured_media":51,"comment_status":"open","ping_status":"closed","template":"","meta":{"_acf_changed":false},"product_brand":[],"product_cat":[22],"product_tag":[],"class_list":{"0":"post-22","1":"product","2":"type-product","3":"status-publish","4":"has-post-thumbnail","6":"product_cat-decor","8":"first","9":"instock","10":"downloadable","11":"virtual","12":"purchasable","13":"product-type-simple"},"acf":[],"_links":{"self":[{"href":"https:\/\/old.demo.gmflexpaket.se\/flexhandel-demo-3\/wp-json\/wp\/v2\/product\/22","targetHints":{"allow":["GET"]}}],"collection":[{"href":"https:\/\/old.demo.gmflexpaket.se\/flexhandel-demo-3\/wp-json\/wp\/v2\/product"}],"about":[{"href":"https:\/\/old.demo.gmflexpaket.se\/flexhandel-demo-3\/wp-json\/wp\/v2\/types\/product"}],"replies":[{"embeddable":true,"href":"https:\/\/old.demo.gmflexpaket.se\/flexhandel-demo-3\/wp-json\/wp\/v2\/comments?post=22"}],"wp:featuredmedia":[{"embeddable":true,"href":"https:\/\/old.demo.gmflexpaket.se\/flexhandel-demo-3\/wp-json\/wp\/v2\/media\/51"}],"wp:attachment":[{"href":"https:\/\/old.demo.gmflexpaket.se\/flexhandel-demo-3\/wp-json\/wp\/v2\/media?parent=22"}],"wp:term":[{"taxonomy":"product_brand","embeddable":true,"href":"https:\/\/old.demo.gmflexpaket.se\/flexhandel-demo-3\/wp-json\/wp\/v2\/product_brand?post=22"},{"taxonomy":"product_cat","embeddable":true,"href":"https:\/\/old.demo.gmflexpaket.se\/flexhandel-demo-3\/wp-json\/wp\/v2\/product_cat?post=22"},{"taxonomy":"product_tag","embeddable":true,"href":"https:\/\/old.demo.gmflexpaket.se\/flexhandel-demo-3\/wp-json\/wp\/v2\/product_tag?post=22"}],"curies":[{"name":"wp","href":"https:\/\/api.w.org\/{rel}","templated":true}]}}