{"id":31,"date":"2022-07-25T06:02:38","date_gmt":"2022-07-25T06:02:38","guid":{"rendered":"https:\/\/gmflexehandel.wpengine.com\/flexhandel-demo-3\/?post_type=product&#038;p=31"},"modified":"2022-10-18T16:48:42","modified_gmt":"2022-10-18T14:48:42","slug":"beanie-with-logo","status":"publish","type":"product","link":"https:\/\/old.demo.gmflexpaket.se\/flexhandel-demo-3\/produkt\/beanie-with-logo\/","title":{"rendered":"Dunjacka"},"content":{"rendered":"","protected":false},"excerpt":{"rendered":"<p>Snygg dunjacka.<br \/>\n&#8211; Fodrad<br \/>\n&#8211; Fodrade fickor med en dragkedja<br \/>\n&#8211; Innerficka med en dragkedja<br \/>\n&#8211; Dragkedja framtill<br \/>\n&#8211; Avtagbar vadderad luva med en dragkedja<br \/>\n&#8211; Avtagbar fuskp\u00e4lskant p\u00e5 luvan<br \/>\n&#8211; Logotyp p\u00e5 \u00e4rmen<br \/>\n&#8211; L\u00e4ngd fr\u00e5n axel bak: 58 cm i storlek 36<br \/>\nModellen b\u00e4r storlek 36 och \u00e4r 173 cm l\u00e5ng.<\/p>\n","protected":false},"featured_media":256,"comment_status":"open","ping_status":"closed","template":"","meta":{"_acf_changed":false},"product_brand":[],"product_cat":[27],"product_tag":[],"class_list":{"0":"post-31","1":"product","2":"type-product","3":"status-publish","4":"has-post-thumbnail","6":"product_cat-jackor-kappor","8":"first","9":"instock","10":"sale","11":"shipping-taxable","12":"purchasable","13":"product-type-simple"},"acf":[],"_links":{"self":[{"href":"https:\/\/old.demo.gmflexpaket.se\/flexhandel-demo-3\/wp-json\/wp\/v2\/product\/31","targetHints":{"allow":["GET"]}}],"collection":[{"href":"https:\/\/old.demo.gmflexpaket.se\/flexhandel-demo-3\/wp-json\/wp\/v2\/product"}],"about":[{"href":"https:\/\/old.demo.gmflexpaket.se\/flexhandel-demo-3\/wp-json\/wp\/v2\/types\/product"}],"replies":[{"embeddable":true,"href":"https:\/\/old.demo.gmflexpaket.se\/flexhandel-demo-3\/wp-json\/wp\/v2\/comments?post=31"}],"wp:featuredmedia":[{"embeddable":true,"href":"https:\/\/old.demo.gmflexpaket.se\/flexhandel-demo-3\/wp-json\/wp\/v2\/media\/256"}],"wp:attachment":[{"href":"https:\/\/old.demo.gmflexpaket.se\/flexhandel-demo-3\/wp-json\/wp\/v2\/media?parent=31"}],"wp:term":[{"taxonomy":"product_brand","embeddable":true,"href":"https:\/\/old.demo.gmflexpaket.se\/flexhandel-demo-3\/wp-json\/wp\/v2\/product_brand?post=31"},{"taxonomy":"product_cat","embeddable":true,"href":"https:\/\/old.demo.gmflexpaket.se\/flexhandel-demo-3\/wp-json\/wp\/v2\/product_cat?post=31"},{"taxonomy":"product_tag","embeddable":true,"href":"https:\/\/old.demo.gmflexpaket.se\/flexhandel-demo-3\/wp-json\/wp\/v2\/product_tag?post=31"}],"curies":[{"name":"wp","href":"https:\/\/api.w.org\/{rel}","templated":true}]}}