{"id":320,"date":"2022-07-25T06:02:36","date_gmt":"2022-07-25T06:02:36","guid":{"rendered":"https:\/\/gmflexehandel.wpengine.com\/flexhandel-demo-3\/?post_type=product&#038;p=10"},"modified":"2022-10-18T16:48:42","modified_gmt":"2022-10-18T14:48:42","slug":"v-neck-t-shirt","status":"publish","type":"product","link":"https:\/\/old.demo.gmflexpaket.se\/flexhandel-demo-3\/produkt\/v-neck-t-shirt\/","title":{"rendered":"Portf\u00f6lj Dator"},"content":{"rendered":"","protected":false},"excerpt":{"rendered":"<p>V\u00e5r n\u00e4tta laptopv\u00e4ska Inga \u00e4r den perfekta f\u00f6ljeslagaren f\u00f6r ett organiserat arbetsliv med stil.<\/p>\n<ul>\n<li>B\u00e4r den p\u00e5 tv\u00e5 s\u00e4tt, i hand eller \u00f6ver axel med det justerbara axelbandet.<\/li>\n<li>Den vadderade laptopfickan rymmer de flesta 13\u201d- eller 15&#8243; datorer. V\u00e4lj den storlek som du beh\u00f6ver.<\/li>\n<li>M\u00e5tt L41xH30xB8 cm<\/li>\n<\/ul>\n","protected":false},"featured_media":251,"comment_status":"open","ping_status":"closed","template":"","meta":{"_acf_changed":false},"product_brand":[],"product_cat":[19],"product_tag":[],"class_list":{"0":"post-320","1":"product","2":"type-product","3":"status-publish","4":"has-post-thumbnail","6":"product_cat-accessories","8":"first","9":"outofstock","10":"featured","11":"shipping-taxable","12":"purchasable","13":"product-type-variable"},"acf":[],"_links":{"self":[{"href":"https:\/\/old.demo.gmflexpaket.se\/flexhandel-demo-3\/wp-json\/wp\/v2\/product\/320","targetHints":{"allow":["GET"]}}],"collection":[{"href":"https:\/\/old.demo.gmflexpaket.se\/flexhandel-demo-3\/wp-json\/wp\/v2\/product"}],"about":[{"href":"https:\/\/old.demo.gmflexpaket.se\/flexhandel-demo-3\/wp-json\/wp\/v2\/types\/product"}],"replies":[{"embeddable":true,"href":"https:\/\/old.demo.gmflexpaket.se\/flexhandel-demo-3\/wp-json\/wp\/v2\/comments?post=320"}],"wp:featuredmedia":[{"embeddable":true,"href":"https:\/\/old.demo.gmflexpaket.se\/flexhandel-demo-3\/wp-json\/wp\/v2\/media\/251"}],"wp:attachment":[{"href":"https:\/\/old.demo.gmflexpaket.se\/flexhandel-demo-3\/wp-json\/wp\/v2\/media?parent=320"}],"wp:term":[{"taxonomy":"product_brand","embeddable":true,"href":"https:\/\/old.demo.gmflexpaket.se\/flexhandel-demo-3\/wp-json\/wp\/v2\/product_brand?post=320"},{"taxonomy":"product_cat","embeddable":true,"href":"https:\/\/old.demo.gmflexpaket.se\/flexhandel-demo-3\/wp-json\/wp\/v2\/product_cat?post=320"},{"taxonomy":"product_tag","embeddable":true,"href":"https:\/\/old.demo.gmflexpaket.se\/flexhandel-demo-3\/wp-json\/wp\/v2\/product_tag?post=320"}],"curies":[{"name":"wp","href":"https:\/\/api.w.org\/{rel}","templated":true}]}}